{"id":210,"date":"2025-11-13T17:00:56","date_gmt":"2025-11-13T17:00:56","guid":{"rendered":"http:\/\/polenart-obrazyskrzydla.pl\/?page_id=210"},"modified":"2025-11-13T17:01:39","modified_gmt":"2025-11-13T17:01:39","slug":"regulamin","status":"publish","type":"page","link":"https:\/\/polenart-obrazyskrzydla.pl\/index.php\/regulamin\/","title":{"rendered":"Regulamin"},"content":{"rendered":"\t\t<div data-elementor-type=\"wp-page\" data-elementor-id=\"210\" class=\"elementor elementor-210\" data-elementor-post-type=\"page\">\n\t\t\t\t<div class=\"elementor-element elementor-element-7585dec e-flex e-con-boxed e-con e-parent\" data-id=\"7585dec\" data-element_type=\"container\" data-e-type=\"container\">\n\t\t\t\t\t<div class=\"e-con-inner\">\n\t\t\t\t<div class=\"elementor-element elementor-element-9bf0208 elementor-widget elementor-widget-heading\" data-id=\"9bf0208\" data-element_type=\"widget\" data-e-type=\"widget\" data-settings=\"{&quot;htmega_fe&quot;:&quot;no&quot;}\" data-widget_type=\"heading.default\">\n\t\t\t\t\t<h2 class=\"elementor-heading-title elementor-size-default\">Regulamin<\/h2>\t\t\t\t<\/div>\n\t\t\t\t<div class=\"elementor-element elementor-element-5e30c1c elementor-widget elementor-widget-text-editor\" data-id=\"5e30c1c\" data-element_type=\"widget\" data-e-type=\"widget\" data-settings=\"{&quot;htmega_fe&quot;:&quot;no&quot;}\" data-widget_type=\"text-editor.default\">\n\t\t\t\t\t\t\t\t\t<blockquote><div dir=\"ltr\"><div><div dir=\"auto\">Regulamin Obraz\u00f3w na Zam\u00f3wienie<br \/>* Kontakt i Konsultacja: Zainteresowani proszeni s\u0105 o kontakt w celu om\u00f3wienia szczeg\u00f3\u0142\u00f3w zam\u00f3wienia (temat, rozmiar, technika, kolorystyka, preferencje).<br \/>* Wycena: Na podstawie om\u00f3wionych szczeg\u00f3\u0142\u00f3w zostanie przedstawiona indywidualna wycena obrazu.<br \/>* Zadatek Niezwrotny: Potwierdzeniem zam\u00f3wienia jest wp\u0142ata ustalonego zadatku niezwrotnego (zazwyczaj 30-50% warto\u015bci zam\u00f3wienia). Rozpocz\u0119cie pracy nast\u0119puje po otrzymaniu zadatku. W przypadku rezygnacji z zam\u00f3wienia przez Klienta, zadatek nie podlega zwrotowi.<br \/>* Termin Realizacji: Szacowany termin realizacji zostanie podany po ustaleniu szczeg\u00f3\u0142\u00f3w zam\u00f3wienia i wp\u0142acie zadatku. Termin ten mo\u017ce ulec zmianie w zale\u017cno\u015bci od z\u0142o\u017cono\u015bci pracy i aktualnego ob\u0142o\u017cenia pracowni.<br \/>* Przegl\u0105d Pracy: W trakcie realizacji, na \u017cyczenie Klienta, mog\u0105 by\u0107 udost\u0119pniane zdj\u0119cia post\u0119p\u00f3w pracy. Przed finalizacj\u0105 obrazu mo\u017cliwe s\u0105 drobne korekty, o ile nie wykraczaj\u0105 poza pierwotne ustalenia.<br \/>* Akceptacja i P\u0142atno\u015b\u0107 Ko\u0144cowa: Po uko\u0144czeniu obrazu Klient zostanie poinformowany i otrzyma zdj\u0119cia finalnej pracy do akceptacji. Pozosta\u0142a cz\u0119\u015b\u0107 nale\u017cno\u015bci powinna zosta\u0107 uregulowana przed wysy\u0142k\u0105 lub odbiorem osobistym.<br \/>* Dostawa\/Odbi\u00f3r: Koszty wysy\u0142ki pokrywa Klient, chyba \u017ce ustalono inaczej. Mo\u017cliwy jest r\u00f3wnie\u017c odbi\u00f3r osobisty w um\u00f3wionym miejscu.<br \/>* Prawa Autorskie: Artysta zachowuje prawa autorskie do stworzonego dzie\u0142a. Klient nabywa prawo w\u0142asno\u015bci fizycznej obrazu.<br \/>* Reklamacje: Reklamacje dotycz\u0105ce wad fizycznych obrazu (np. uszkodzenia powsta\u0142e podczas transportu) b\u0119d\u0105 rozpatrywane indywidualnie po przedstawieniu dokumentacji (np. zdj\u0119\u0107 uszkodze\u0144). Reklamacje dotycz\u0105ce subiektywnej oceny artystycznej nie b\u0119d\u0105 uwzgl\u0119dniane.<br \/>* Odst\u0105pienie od Umowy przez Klienta: W przypadku rezygnacji z zam\u00f3wienia po wp\u0142acie zadatku, zadatek nie podlega zwrotowi.<br \/>* Odst\u0105pienie od Umowy przez Artyst\u0119: W wyj\u0105tkowych sytuacjach, artysta zastrzega sobie prawo do odst\u0105pienia od umowy, zwracaj\u0105c wp\u0142acony zadatek Klientowi.<br \/>Prosimy o dok\u0142adne zapoznanie si\u0119 z powy\u017cszym regulaminem przed z\u0142o\u017ceniem<\/div><\/div><div dir=\"auto\">\u00a0<\/div><div dir=\"auto\">\u00a0<\/div><div dir=\"auto\">WYKONANIE OBRAZ\u00d3W:<\/div><div dir=\"auto\">Tworz\u0119 skrzyd\u0142a 3D ze specjalnej masy, kt\u00f3ra si\u0119 nie kruszy ani nie p\u0119ka czy odpada. Przewa\u017cnie u\u017cywam farb akrylowych oraz olejnych. Obrazy s\u0105 tworzone na podobraziach najlepszej jako\u015bci, kt\u00f3re od razu gotowe s\u0105 do zawieszenia.\u00a0<\/div><div dir=\"auto\">\u00a0<\/div><div dir=\"auto\">PIEL\u0118GNACJA OBRAZ\u00d3W\u00a0<\/div><div dir=\"auto\">S\u0105 one odpowiednio zabezpieczone lakierem. Nie nale\u017cy ich psika\u0107 zadnymi \u015brodkami czysto\u015bci ani nie moczy\u0107. Je\u015bli kurz delikatnie si\u0119 osadzi na skrzyd\u0142ach mo\u017cna przetrze\u0107 nawil\u017caj\u0105c\u0105 chusteczk\u0105.\u00a0<\/div><div dir=\"auto\">\u00a0<\/div><div dir=\"auto\">\u00a0<\/div><div dir=\"auto\">WYSY\u0141KA\u00a0<\/div><div dir=\"auto\">Ka\u017cdy obraz jest odpowiednio pakowany oraz wysy\u0142any w ca\u0142o\u015bci. Czas wysy\u0142ki do 4dni roboczych. Je\u015bli chodzi o obrazy na stanie.\u00a0<\/div><\/div><\/blockquote>\t\t\t\t\t\t\t\t<\/div>\n\t\t\t\t\t<\/div>\n\t\t\t\t<\/div>\n\t\t\t\t<\/div>\n\t\t","protected":false},"excerpt":{"rendered":"<p>Regulamin Regulamin Obraz\u00f3w na Zam\u00f3wienie* Kontakt i Konsultacja: Zainteresowani proszeni s\u0105 o kontakt w celu om\u00f3wienia szczeg\u00f3\u0142\u00f3w zam\u00f3wienia (temat, rozmiar, [&hellip;]<\/p>\n","protected":false},"author":1,"featured_media":0,"parent":0,"menu_order":0,"comment_status":"closed","ping_status":"closed","template":"elementor_theme","meta":{"site-sidebar-layout":"no-sidebar","site-content-layout":"","ast-site-content-layout":"full-width-container","site-content-style":"default","site-sidebar-style":"default","ast-global-header-display":"","ast-banner-title-visibility":"","ast-main-header-display":"","ast-hfb-above-header-display":"","ast-hfb-below-header-display":"","ast-hfb-mobile-header-display":"","site-post-title":"disabled","ast-breadcrumbs-content":"","ast-featured-img":"disabled","footer-sml-layout":"","theme-transparent-header-meta":"","adv-header-id-meta":"","stick-header-meta":"","header-above-stick-meta":"","header-main-stick-meta":"","header-below-stick-meta":"","astra-migrate-meta-layouts":"default","ast-page-background-enabled":"default","ast-page-background-meta":{"desktop":{"background-color":"var(--ast-global-color-5)","background-image":"","background-repeat":"repeat","background-position":"center center","background-size":"auto","background-attachment":"scroll","background-type":"","background-media":"","overlay-type":"","overlay-color":"","overlay-opacity":"","overlay-gradient":""},"tablet":{"background-color":"","background-image":"","background-repeat":"repeat","background-position":"center center","background-size":"auto","background-attachment":"scroll","background-type":"","background-media":"","overlay-type":"","overlay-color":"","overlay-opacity":"","overlay-gradient":""},"mobile":{"background-color":"","background-image":"","background-repeat":"repeat","background-position":"center center","background-size":"auto","background-attachment":"scroll","background-type":"","background-media":"","overlay-type":"","overlay-color":"","overlay-opacity":"","overlay-gradient":""}},"ast-content-background-meta":{"desktop":{"background-color":"var(--ast-global-color-4)","background-image":"","background-repeat":"repeat","background-position":"center center","background-size":"auto","background-attachment":"scroll","background-type":"","background-media":"","overlay-type":"","overlay-color":"","overlay-opacity":"","overlay-gradient":""},"tablet":{"background-color":"var(--ast-global-color-4)","background-image":"","background-repeat":"repeat","background-position":"center center","background-size":"auto","background-attachment":"scroll","background-type":"","background-media":"","overlay-type":"","overlay-color":"","overlay-opacity":"","overlay-gradient":""},"mobile":{"background-color":"var(--ast-global-color-4)","background-image":"","background-repeat":"repeat","background-position":"center center","background-size":"auto","background-attachment":"scroll","background-type":"","background-media":"","overlay-type":"","overlay-color":"","overlay-opacity":"","overlay-gradient":""}},"footnotes":""},"class_list":["post-210","page","type-page","status-publish","hentry"],"yoast_head":"<!-- This site is optimized with the Yoast SEO plugin v26.9 - https:\/\/yoast.com\/product\/yoast-seo-wordpress\/ -->\n<title>Regulamin - PolenART<\/title>\n<meta name=\"robots\" content=\"index, follow, max-snippet:-1, max-image-preview:large, max-video-preview:-1\" \/>\n<link rel=\"canonical\" href=\"https:\/\/polenart-obrazyskrzydla.pl\/index.php\/regulamin\/\" \/>\n<meta property=\"og:locale\" content=\"pl_PL\" \/>\n<meta property=\"og:type\" content=\"article\" \/>\n<meta property=\"og:title\" content=\"Regulamin - PolenART\" \/>\n<meta property=\"og:description\" content=\"Regulamin Regulamin Obraz\u00f3w na Zam\u00f3wienie* Kontakt i Konsultacja: Zainteresowani proszeni s\u0105 o kontakt w celu om\u00f3wienia szczeg\u00f3\u0142\u00f3w zam\u00f3wienia (temat, rozmiar, [&hellip;]\" \/>\n<meta property=\"og:url\" content=\"https:\/\/polenart-obrazyskrzydla.pl\/index.php\/regulamin\/\" \/>\n<meta property=\"og:site_name\" content=\"PolenART\" \/>\n<meta property=\"article:publisher\" content=\"https:\/\/www.facebook.com\/profile.php?id=61556273018386\" \/>\n<meta property=\"article:modified_time\" content=\"2025-11-13T17:01:39+00:00\" \/>\n<meta name=\"twitter:card\" content=\"summary_large_image\" \/>\n<meta name=\"twitter:label1\" content=\"Szacowany czas czytania\" \/>\n\t<meta name=\"twitter:data1\" content=\"2 minuty\" \/>\n<script type=\"application\/ld+json\" class=\"yoast-schema-graph\">{\"@context\":\"https:\/\/schema.org\",\"@graph\":[{\"@type\":\"WebPage\",\"@id\":\"https:\/\/polenart-obrazyskrzydla.pl\/index.php\/regulamin\/\",\"url\":\"https:\/\/polenart-obrazyskrzydla.pl\/index.php\/regulamin\/\",\"name\":\"Regulamin - PolenART\",\"isPartOf\":{\"@id\":\"https:\/\/polenart-obrazyskrzydla.pl\/#website\"},\"datePublished\":\"2025-11-13T17:00:56+00:00\",\"dateModified\":\"2025-11-13T17:01:39+00:00\",\"breadcrumb\":{\"@id\":\"https:\/\/polenart-obrazyskrzydla.pl\/index.php\/regulamin\/#breadcrumb\"},\"inLanguage\":\"pl-PL\",\"potentialAction\":[{\"@type\":\"ReadAction\",\"target\":[\"https:\/\/polenart-obrazyskrzydla.pl\/index.php\/regulamin\/\"]}]},{\"@type\":\"BreadcrumbList\",\"@id\":\"https:\/\/polenart-obrazyskrzydla.pl\/index.php\/regulamin\/#breadcrumb\",\"itemListElement\":[{\"@type\":\"ListItem\",\"position\":1,\"name\":\"Strona g\u0142\u00f3wna\",\"item\":\"https:\/\/polenart-obrazyskrzydla.pl\/\"},{\"@type\":\"ListItem\",\"position\":2,\"name\":\"Regulamin\"}]},{\"@type\":\"WebSite\",\"@id\":\"https:\/\/polenart-obrazyskrzydla.pl\/#website\",\"url\":\"https:\/\/polenart-obrazyskrzydla.pl\/\",\"name\":\"PolenART\",\"description\":\"Odkryj unikalne obrazy stworzone z pasj\u0105 i emocjami\",\"publisher\":{\"@id\":\"https:\/\/polenart-obrazyskrzydla.pl\/#\/schema\/person\/01f413ee0b6d023f946b32c542955ed1\"},\"potentialAction\":[{\"@type\":\"SearchAction\",\"target\":{\"@type\":\"EntryPoint\",\"urlTemplate\":\"https:\/\/polenart-obrazyskrzydla.pl\/?s={search_term_string}\"},\"query-input\":{\"@type\":\"PropertyValueSpecification\",\"valueRequired\":true,\"valueName\":\"search_term_string\"}}],\"inLanguage\":\"pl-PL\"},{\"@type\":[\"Person\",\"Organization\"],\"@id\":\"https:\/\/polenart-obrazyskrzydla.pl\/#\/schema\/person\/01f413ee0b6d023f946b32c542955ed1\",\"name\":\"PolenART\",\"image\":{\"@type\":\"ImageObject\",\"inLanguage\":\"pl-PL\",\"@id\":\"https:\/\/polenart-obrazyskrzydla.pl\/#\/schema\/person\/image\/\",\"url\":\"https:\/\/polenart-obrazyskrzydla.pl\/wp-content\/uploads\/2025\/11\/cropped-logo-2.png\",\"contentUrl\":\"https:\/\/polenart-obrazyskrzydla.pl\/wp-content\/uploads\/2025\/11\/cropped-logo-2.png\",\"width\":512,\"height\":512,\"caption\":\"PolenART\"},\"logo\":{\"@id\":\"https:\/\/polenart-obrazyskrzydla.pl\/#\/schema\/person\/image\/\"},\"sameAs\":[\"https:\/\/polenart-obrazyskrzydla.pl\",\"https:\/\/www.facebook.com\/profile.php?id=61556273018386\"]}]}<\/script>\n<!-- \/ Yoast SEO plugin. -->","yoast_head_json":{"title":"Regulamin - PolenART","robots":{"index":"index","follow":"follow","max-snippet":"max-snippet:-1","max-image-preview":"max-image-preview:large","max-video-preview":"max-video-preview:-1"},"canonical":"https:\/\/polenart-obrazyskrzydla.pl\/index.php\/regulamin\/","og_locale":"pl_PL","og_type":"article","og_title":"Regulamin - PolenART","og_description":"Regulamin Regulamin Obraz\u00f3w na Zam\u00f3wienie* Kontakt i Konsultacja: Zainteresowani proszeni s\u0105 o kontakt w celu om\u00f3wienia szczeg\u00f3\u0142\u00f3w zam\u00f3wienia (temat, rozmiar, [&hellip;]","og_url":"https:\/\/polenart-obrazyskrzydla.pl\/index.php\/regulamin\/","og_site_name":"PolenART","article_publisher":"https:\/\/www.facebook.com\/profile.php?id=61556273018386","article_modified_time":"2025-11-13T17:01:39+00:00","twitter_card":"summary_large_image","twitter_misc":{"Szacowany czas czytania":"2 minuty"},"schema":{"@context":"https:\/\/schema.org","@graph":[{"@type":"WebPage","@id":"https:\/\/polenart-obrazyskrzydla.pl\/index.php\/regulamin\/","url":"https:\/\/polenart-obrazyskrzydla.pl\/index.php\/regulamin\/","name":"Regulamin - PolenART","isPartOf":{"@id":"https:\/\/polenart-obrazyskrzydla.pl\/#website"},"datePublished":"2025-11-13T17:00:56+00:00","dateModified":"2025-11-13T17:01:39+00:00","breadcrumb":{"@id":"https:\/\/polenart-obrazyskrzydla.pl\/index.php\/regulamin\/#breadcrumb"},"inLanguage":"pl-PL","potentialAction":[{"@type":"ReadAction","target":["https:\/\/polenart-obrazyskrzydla.pl\/index.php\/regulamin\/"]}]},{"@type":"BreadcrumbList","@id":"https:\/\/polenart-obrazyskrzydla.pl\/index.php\/regulamin\/#breadcrumb","itemListElement":[{"@type":"ListItem","position":1,"name":"Strona g\u0142\u00f3wna","item":"https:\/\/polenart-obrazyskrzydla.pl\/"},{"@type":"ListItem","position":2,"name":"Regulamin"}]},{"@type":"WebSite","@id":"https:\/\/polenart-obrazyskrzydla.pl\/#website","url":"https:\/\/polenart-obrazyskrzydla.pl\/","name":"PolenART","description":"Odkryj unikalne obrazy stworzone z pasj\u0105 i emocjami","publisher":{"@id":"https:\/\/polenart-obrazyskrzydla.pl\/#\/schema\/person\/01f413ee0b6d023f946b32c542955ed1"},"potentialAction":[{"@type":"SearchAction","target":{"@type":"EntryPoint","urlTemplate":"https:\/\/polenart-obrazyskrzydla.pl\/?s={search_term_string}"},"query-input":{"@type":"PropertyValueSpecification","valueRequired":true,"valueName":"search_term_string"}}],"inLanguage":"pl-PL"},{"@type":["Person","Organization"],"@id":"https:\/\/polenart-obrazyskrzydla.pl\/#\/schema\/person\/01f413ee0b6d023f946b32c542955ed1","name":"PolenART","image":{"@type":"ImageObject","inLanguage":"pl-PL","@id":"https:\/\/polenart-obrazyskrzydla.pl\/#\/schema\/person\/image\/","url":"https:\/\/polenart-obrazyskrzydla.pl\/wp-content\/uploads\/2025\/11\/cropped-logo-2.png","contentUrl":"https:\/\/polenart-obrazyskrzydla.pl\/wp-content\/uploads\/2025\/11\/cropped-logo-2.png","width":512,"height":512,"caption":"PolenART"},"logo":{"@id":"https:\/\/polenart-obrazyskrzydla.pl\/#\/schema\/person\/image\/"},"sameAs":["https:\/\/polenart-obrazyskrzydla.pl","https:\/\/www.facebook.com\/profile.php?id=61556273018386"]}]}},"_links":{"self":[{"href":"https:\/\/polenart-obrazyskrzydla.pl\/index.php\/wp-json\/wp\/v2\/pages\/210","targetHints":{"allow":["GET"]}}],"collection":[{"href":"https:\/\/polenart-obrazyskrzydla.pl\/index.php\/wp-json\/wp\/v2\/pages"}],"about":[{"href":"https:\/\/polenart-obrazyskrzydla.pl\/index.php\/wp-json\/wp\/v2\/types\/page"}],"author":[{"embeddable":true,"href":"https:\/\/polenart-obrazyskrzydla.pl\/index.php\/wp-json\/wp\/v2\/users\/1"}],"replies":[{"embeddable":true,"href":"https:\/\/polenart-obrazyskrzydla.pl\/index.php\/wp-json\/wp\/v2\/comments?post=210"}],"version-history":[{"count":4,"href":"https:\/\/polenart-obrazyskrzydla.pl\/index.php\/wp-json\/wp\/v2\/pages\/210\/revisions"}],"predecessor-version":[{"id":214,"href":"https:\/\/polenart-obrazyskrzydla.pl\/index.php\/wp-json\/wp\/v2\/pages\/210\/revisions\/214"}],"wp:attachment":[{"href":"https:\/\/polenart-obrazyskrzydla.pl\/index.php\/wp-json\/wp\/v2\/media?parent=210"}],"curies":[{"name":"wp","href":"https:\/\/api.w.org\/{rel}","templated":true}]}}