{"id":255,"date":"2026-02-08T20:03:59","date_gmt":"2026-02-08T20:03:59","guid":{"rendered":"https:\/\/polenart-obrazyskrzydla.pl\/?post_type=product&#038;p=255"},"modified":"2026-02-09T16:45:02","modified_gmt":"2026-02-09T16:45:02","slug":"obraz-skrzydla-3d","status":"publish","type":"product","link":"https:\/\/polenart-obrazyskrzydla.pl\/index.php\/produkt\/obraz-skrzydla-3d\/","title":{"rendered":"Skrzyd\u0142a 3D kolorowe standard"},"content":{"rendered":"<p>format obrazu 110x100cm wykonane r\u0119cznie. Skrzyd\u0142a powsta\u0142y z masy plastyczno-gipsowej dzi\u0119ki czemu s\u0105 mocno 3D.<\/p>\n","protected":false},"excerpt":{"rendered":"<p><img fetchpriority=\"high\" decoding=\"async\" class=\"alignnone size-medium wp-image-264\" src=\"https:\/\/polenart-obrazyskrzydla.pl\/wp-content\/uploads\/2026\/02\/IMG_5343-300x300.jpg\" alt=\"\" width=\"300\" height=\"300\" srcset=\"https:\/\/polenart-obrazyskrzydla.pl\/wp-content\/uploads\/2026\/02\/IMG_5343-300x300.jpg 300w, https:\/\/polenart-obrazyskrzydla.pl\/wp-content\/uploads\/2026\/02\/IMG_5343-1024x1024.jpg 1024w, https:\/\/polenart-obrazyskrzydla.pl\/wp-content\/uploads\/2026\/02\/IMG_5343-150x150.jpg 150w, https:\/\/polenart-obrazyskrzydla.pl\/wp-content\/uploads\/2026\/02\/IMG_5343-768x768.jpg 768w, https:\/\/polenart-obrazyskrzydla.pl\/wp-content\/uploads\/2026\/02\/IMG_5343-1536x1536.jpg 1536w, https:\/\/polenart-obrazyskrzydla.pl\/wp-content\/uploads\/2026\/02\/IMG_5343-1320x1320.jpg 1320w, https:\/\/polenart-obrazyskrzydla.pl\/wp-content\/uploads\/2026\/02\/IMG_5343-600x600.jpg 600w, https:\/\/polenart-obrazyskrzydla.pl\/wp-content\/uploads\/2026\/02\/IMG_5343-100x100.jpg 100w, https:\/\/polenart-obrazyskrzydla.pl\/wp-content\/uploads\/2026\/02\/IMG_5343.jpg 2048w\" sizes=\"(max-width: 300px) 100vw, 300px\" \/><\/p>\n","protected":false},"featured_media":264,"template":"","meta":{"site-sidebar-layout":"default","site-content-layout":"","ast-site-content-layout":"default","site-content-style":"default","site-sidebar-style":"default","ast-global-header-display":"","ast-banner-title-visibility":"","ast-main-header-display":"","ast-hfb-above-header-display":"","ast-hfb-below-header-display":"","ast-hfb-mobile-header-display":"","site-post-title":"","ast-breadcrumbs-content":"","ast-featured-img":"","footer-sml-layout":"","theme-transparent-header-meta":"default","adv-header-id-meta":"","stick-header-meta":"","header-above-stick-meta":"","header-main-stick-meta":"","header-below-stick-meta":"","astra-migrate-meta-layouts":"set","ast-page-background-enabled":"default","ast-page-background-meta":{"desktop":{"background-color":"var(--ast-global-color-5)","background-image":"","background-repeat":"repeat","background-position":"center center","background-size":"auto","background-attachment":"scroll","background-type":"","background-media":"","overlay-type":"","overlay-color":"","overlay-opacity":"","overlay-gradient":""},"tablet":{"background-color":"","background-image":"","background-repeat":"repeat","background-position":"center center","background-size":"auto","background-attachment":"scroll","background-type":"","background-media":"","overlay-type":"","overlay-color":"","overlay-opacity":"","overlay-gradient":""},"mobile":{"background-color":"","background-image":"","background-repeat":"repeat","background-position":"center center","background-size":"auto","background-attachment":"scroll","background-type":"","background-media":"","overlay-type":"","overlay-color":"","overlay-opacity":"","overlay-gradient":""}},"ast-content-background-meta":{"desktop":{"background-color":"var(--ast-global-color-4)","background-image":"","background-repeat":"repeat","background-position":"center center","background-size":"auto","background-attachment":"scroll","background-type":"","background-media":"","overlay-type":"","overlay-color":"","overlay-opacity":"","overlay-gradient":""},"tablet":{"background-color":"var(--ast-global-color-4)","background-image":"","background-repeat":"repeat","background-position":"center center","background-size":"auto","background-attachment":"scroll","background-type":"","background-media":"","overlay-type":"","overlay-color":"","overlay-opacity":"","overlay-gradient":""},"mobile":{"background-color":"var(--ast-global-color-4)","background-image":"","background-repeat":"repeat","background-position":"center center","background-size":"auto","background-attachment":"scroll","background-type":"","background-media":"","overlay-type":"","overlay-color":"","overlay-opacity":"","overlay-gradient":""}}},"product_brand":[],"product_cat":[20],"product_tag":[],"class_list":{"0":"post-255","1":"product","2":"type-product","3":"status-publish","4":"has-post-thumbnail","6":"product_cat-obraz-na-zamowienie","7":"desktop-align-left","8":"tablet-align-left","9":"mobile-align-left","11":"first","12":"instock","13":"shipping-taxable","14":"purchasable","15":"product-type-simple"},"yoast_head":"<!-- This site is optimized with the Yoast SEO plugin v26.9 - https:\/\/yoast.com\/product\/yoast-seo-wordpress\/ -->\n<title>Skrzyd\u0142a 3D kolorowe standard - PolenART<\/title>\n<meta name=\"robots\" content=\"index, follow, max-snippet:-1, max-image-preview:large, max-video-preview:-1\" \/>\n<link rel=\"canonical\" href=\"https:\/\/polenart-obrazyskrzydla.pl\/index.php\/produkt\/obraz-skrzydla-3d\/\" \/>\n<meta property=\"og:locale\" content=\"pl_PL\" \/>\n<meta property=\"og:type\" content=\"article\" \/>\n<meta property=\"og:title\" content=\"Skrzyd\u0142a 3D kolorowe standard - PolenART\" \/>\n<meta property=\"og:url\" content=\"https:\/\/polenart-obrazyskrzydla.pl\/index.php\/produkt\/obraz-skrzydla-3d\/\" \/>\n<meta property=\"og:site_name\" content=\"PolenART\" \/>\n<meta property=\"article:publisher\" content=\"https:\/\/www.facebook.com\/profile.php?id=61556273018386\" \/>\n<meta property=\"article:modified_time\" content=\"2026-02-09T16:45:02+00:00\" \/>\n<meta property=\"og:image\" content=\"https:\/\/polenart-obrazyskrzydla.pl\/wp-content\/uploads\/2026\/02\/IMG_5343.jpg\" \/>\n\t<meta property=\"og:image:width\" content=\"2048\" \/>\n\t<meta property=\"og:image:height\" content=\"2048\" \/>\n\t<meta property=\"og:image:type\" content=\"image\/jpeg\" \/>\n<meta name=\"twitter:card\" content=\"summary_large_image\" \/>\n<meta name=\"twitter:label1\" content=\"Szacowany czas czytania\" \/>\n\t<meta name=\"twitter:data1\" content=\"1 minuta\" \/>\n<script type=\"application\/ld+json\" class=\"yoast-schema-graph\">{\"@context\":\"https:\/\/schema.org\",\"@graph\":[{\"@type\":\"WebPage\",\"@id\":\"https:\/\/polenart-obrazyskrzydla.pl\/index.php\/produkt\/obraz-skrzydla-3d\/\",\"url\":\"https:\/\/polenart-obrazyskrzydla.pl\/index.php\/produkt\/obraz-skrzydla-3d\/\",\"name\":\"Skrzyd\u0142a 3D kolorowe standard - PolenART\",\"isPartOf\":{\"@id\":\"https:\/\/polenart-obrazyskrzydla.pl\/#website\"},\"primaryImageOfPage\":{\"@id\":\"https:\/\/polenart-obrazyskrzydla.pl\/index.php\/produkt\/obraz-skrzydla-3d\/#primaryimage\"},\"image\":{\"@id\":\"https:\/\/polenart-obrazyskrzydla.pl\/index.php\/produkt\/obraz-skrzydla-3d\/#primaryimage\"},\"thumbnailUrl\":\"https:\/\/polenart-obrazyskrzydla.pl\/wp-content\/uploads\/2026\/02\/IMG_5343.jpg\",\"datePublished\":\"2026-02-08T20:03:59+00:00\",\"dateModified\":\"2026-02-09T16:45:02+00:00\",\"breadcrumb\":{\"@id\":\"https:\/\/polenart-obrazyskrzydla.pl\/index.php\/produkt\/obraz-skrzydla-3d\/#breadcrumb\"},\"inLanguage\":\"pl-PL\",\"potentialAction\":[{\"@type\":\"ReadAction\",\"target\":[\"https:\/\/polenart-obrazyskrzydla.pl\/index.php\/produkt\/obraz-skrzydla-3d\/\"]}]},{\"@type\":\"ImageObject\",\"inLanguage\":\"pl-PL\",\"@id\":\"https:\/\/polenart-obrazyskrzydla.pl\/index.php\/produkt\/obraz-skrzydla-3d\/#primaryimage\",\"url\":\"https:\/\/polenart-obrazyskrzydla.pl\/wp-content\/uploads\/2026\/02\/IMG_5343.jpg\",\"contentUrl\":\"https:\/\/polenart-obrazyskrzydla.pl\/wp-content\/uploads\/2026\/02\/IMG_5343.jpg\",\"width\":2048,\"height\":2048},{\"@type\":\"BreadcrumbList\",\"@id\":\"https:\/\/polenart-obrazyskrzydla.pl\/index.php\/produkt\/obraz-skrzydla-3d\/#breadcrumb\",\"itemListElement\":[{\"@type\":\"ListItem\",\"position\":1,\"name\":\"Strona g\u0142\u00f3wna\",\"item\":\"https:\/\/polenart-obrazyskrzydla.pl\/\"},{\"@type\":\"ListItem\",\"position\":2,\"name\":\"Sklep\",\"item\":\"https:\/\/polenart-obrazyskrzydla.pl\/index.php\/sklep\/\"},{\"@type\":\"ListItem\",\"position\":3,\"name\":\"Skrzyd\u0142a 3D kolorowe standard\"}]},{\"@type\":\"WebSite\",\"@id\":\"https:\/\/polenart-obrazyskrzydla.pl\/#website\",\"url\":\"https:\/\/polenart-obrazyskrzydla.pl\/\",\"name\":\"PolenART\",\"description\":\"Odkryj unikalne obrazy stworzone z pasj\u0105 i emocjami\",\"publisher\":{\"@id\":\"https:\/\/polenart-obrazyskrzydla.pl\/#\/schema\/person\/01f413ee0b6d023f946b32c542955ed1\"},\"potentialAction\":[{\"@type\":\"SearchAction\",\"target\":{\"@type\":\"EntryPoint\",\"urlTemplate\":\"https:\/\/polenart-obrazyskrzydla.pl\/?s={search_term_string}\"},\"query-input\":{\"@type\":\"PropertyValueSpecification\",\"valueRequired\":true,\"valueName\":\"search_term_string\"}}],\"inLanguage\":\"pl-PL\"},{\"@type\":[\"Person\",\"Organization\"],\"@id\":\"https:\/\/polenart-obrazyskrzydla.pl\/#\/schema\/person\/01f413ee0b6d023f946b32c542955ed1\",\"name\":\"PolenART\",\"image\":{\"@type\":\"ImageObject\",\"inLanguage\":\"pl-PL\",\"@id\":\"https:\/\/polenart-obrazyskrzydla.pl\/#\/schema\/person\/image\/\",\"url\":\"https:\/\/polenart-obrazyskrzydla.pl\/wp-content\/uploads\/2025\/11\/cropped-logo-2.png\",\"contentUrl\":\"https:\/\/polenart-obrazyskrzydla.pl\/wp-content\/uploads\/2025\/11\/cropped-logo-2.png\",\"width\":512,\"height\":512,\"caption\":\"PolenART\"},\"logo\":{\"@id\":\"https:\/\/polenart-obrazyskrzydla.pl\/#\/schema\/person\/image\/\"},\"sameAs\":[\"https:\/\/polenart-obrazyskrzydla.pl\",\"https:\/\/www.facebook.com\/profile.php?id=61556273018386\"]}]}<\/script>\n<!-- \/ Yoast SEO plugin. -->","yoast_head_json":{"title":"Skrzyd\u0142a 3D kolorowe standard - PolenART","robots":{"index":"index","follow":"follow","max-snippet":"max-snippet:-1","max-image-preview":"max-image-preview:large","max-video-preview":"max-video-preview:-1"},"canonical":"https:\/\/polenart-obrazyskrzydla.pl\/index.php\/produkt\/obraz-skrzydla-3d\/","og_locale":"pl_PL","og_type":"article","og_title":"Skrzyd\u0142a 3D kolorowe standard - PolenART","og_url":"https:\/\/polenart-obrazyskrzydla.pl\/index.php\/produkt\/obraz-skrzydla-3d\/","og_site_name":"PolenART","article_publisher":"https:\/\/www.facebook.com\/profile.php?id=61556273018386","article_modified_time":"2026-02-09T16:45:02+00:00","og_image":[{"width":2048,"height":2048,"url":"https:\/\/polenart-obrazyskrzydla.pl\/wp-content\/uploads\/2026\/02\/IMG_5343.jpg","type":"image\/jpeg"}],"twitter_card":"summary_large_image","twitter_misc":{"Szacowany czas czytania":"1 minuta"},"schema":{"@context":"https:\/\/schema.org","@graph":[{"@type":"WebPage","@id":"https:\/\/polenart-obrazyskrzydla.pl\/index.php\/produkt\/obraz-skrzydla-3d\/","url":"https:\/\/polenart-obrazyskrzydla.pl\/index.php\/produkt\/obraz-skrzydla-3d\/","name":"Skrzyd\u0142a 3D kolorowe standard - PolenART","isPartOf":{"@id":"https:\/\/polenart-obrazyskrzydla.pl\/#website"},"primaryImageOfPage":{"@id":"https:\/\/polenart-obrazyskrzydla.pl\/index.php\/produkt\/obraz-skrzydla-3d\/#primaryimage"},"image":{"@id":"https:\/\/polenart-obrazyskrzydla.pl\/index.php\/produkt\/obraz-skrzydla-3d\/#primaryimage"},"thumbnailUrl":"https:\/\/polenart-obrazyskrzydla.pl\/wp-content\/uploads\/2026\/02\/IMG_5343.jpg","datePublished":"2026-02-08T20:03:59+00:00","dateModified":"2026-02-09T16:45:02+00:00","breadcrumb":{"@id":"https:\/\/polenart-obrazyskrzydla.pl\/index.php\/produkt\/obraz-skrzydla-3d\/#breadcrumb"},"inLanguage":"pl-PL","potentialAction":[{"@type":"ReadAction","target":["https:\/\/polenart-obrazyskrzydla.pl\/index.php\/produkt\/obraz-skrzydla-3d\/"]}]},{"@type":"ImageObject","inLanguage":"pl-PL","@id":"https:\/\/polenart-obrazyskrzydla.pl\/index.php\/produkt\/obraz-skrzydla-3d\/#primaryimage","url":"https:\/\/polenart-obrazyskrzydla.pl\/wp-content\/uploads\/2026\/02\/IMG_5343.jpg","contentUrl":"https:\/\/polenart-obrazyskrzydla.pl\/wp-content\/uploads\/2026\/02\/IMG_5343.jpg","width":2048,"height":2048},{"@type":"BreadcrumbList","@id":"https:\/\/polenart-obrazyskrzydla.pl\/index.php\/produkt\/obraz-skrzydla-3d\/#breadcrumb","itemListElement":[{"@type":"ListItem","position":1,"name":"Strona g\u0142\u00f3wna","item":"https:\/\/polenart-obrazyskrzydla.pl\/"},{"@type":"ListItem","position":2,"name":"Sklep","item":"https:\/\/polenart-obrazyskrzydla.pl\/index.php\/sklep\/"},{"@type":"ListItem","position":3,"name":"Skrzyd\u0142a 3D kolorowe standard"}]},{"@type":"WebSite","@id":"https:\/\/polenart-obrazyskrzydla.pl\/#website","url":"https:\/\/polenart-obrazyskrzydla.pl\/","name":"PolenART","description":"Odkryj unikalne obrazy stworzone z pasj\u0105 i emocjami","publisher":{"@id":"https:\/\/polenart-obrazyskrzydla.pl\/#\/schema\/person\/01f413ee0b6d023f946b32c542955ed1"},"potentialAction":[{"@type":"SearchAction","target":{"@type":"EntryPoint","urlTemplate":"https:\/\/polenart-obrazyskrzydla.pl\/?s={search_term_string}"},"query-input":{"@type":"PropertyValueSpecification","valueRequired":true,"valueName":"search_term_string"}}],"inLanguage":"pl-PL"},{"@type":["Person","Organization"],"@id":"https:\/\/polenart-obrazyskrzydla.pl\/#\/schema\/person\/01f413ee0b6d023f946b32c542955ed1","name":"PolenART","image":{"@type":"ImageObject","inLanguage":"pl-PL","@id":"https:\/\/polenart-obrazyskrzydla.pl\/#\/schema\/person\/image\/","url":"https:\/\/polenart-obrazyskrzydla.pl\/wp-content\/uploads\/2025\/11\/cropped-logo-2.png","contentUrl":"https:\/\/polenart-obrazyskrzydla.pl\/wp-content\/uploads\/2025\/11\/cropped-logo-2.png","width":512,"height":512,"caption":"PolenART"},"logo":{"@id":"https:\/\/polenart-obrazyskrzydla.pl\/#\/schema\/person\/image\/"},"sameAs":["https:\/\/polenart-obrazyskrzydla.pl","https:\/\/www.facebook.com\/profile.php?id=61556273018386"]}]}},"_links":{"self":[{"href":"https:\/\/polenart-obrazyskrzydla.pl\/index.php\/wp-json\/wp\/v2\/product\/255","targetHints":{"allow":["GET"]}}],"collection":[{"href":"https:\/\/polenart-obrazyskrzydla.pl\/index.php\/wp-json\/wp\/v2\/product"}],"about":[{"href":"https:\/\/polenart-obrazyskrzydla.pl\/index.php\/wp-json\/wp\/v2\/types\/product"}],"wp:featuredmedia":[{"embeddable":true,"href":"https:\/\/polenart-obrazyskrzydla.pl\/index.php\/wp-json\/wp\/v2\/media\/264"}],"wp:attachment":[{"href":"https:\/\/polenart-obrazyskrzydla.pl\/index.php\/wp-json\/wp\/v2\/media?parent=255"}],"wp:term":[{"taxonomy":"product_brand","embeddable":true,"href":"https:\/\/polenart-obrazyskrzydla.pl\/index.php\/wp-json\/wp\/v2\/product_brand?post=255"},{"taxonomy":"product_cat","embeddable":true,"href":"https:\/\/polenart-obrazyskrzydla.pl\/index.php\/wp-json\/wp\/v2\/product_cat?post=255"},{"taxonomy":"product_tag","embeddable":true,"href":"https:\/\/polenart-obrazyskrzydla.pl\/index.php\/wp-json\/wp\/v2\/product_tag?post=255"}],"curies":[{"name":"wp","href":"https:\/\/api.w.org\/{rel}","templated":true}]}}